{"id":1993,"date":"2025-10-30T12:05:29","date_gmt":"2025-10-30T11:05:29","guid":{"rendered":"http:\/\/camper.test\/?page_id=1993"},"modified":"2025-11-07T09:40:02","modified_gmt":"2025-11-07T08:40:02","slug":"politica-de-cookies","status":"publish","type":"page","link":"https:\/\/campercaldas.com\/gl\/politica-de-cookies\/","title":{"rendered":"Pol\u00edtica de cookies"},"content":{"rendered":"<div data-elementor-type=\"wp-page\" data-elementor-id=\"1993\" class=\"elementor elementor-1993\" data-elementor-post-type=\"page\">\n\t\t\t\t<div class=\"elementor-element elementor-element-729c4fea e-con-full e-flex e-con e-parent\" data-id=\"729c4fea\" data-element_type=\"container\">\n\t\t\t\t<div class=\"elementor-element elementor-element-b7b573b exad-sticky-section-no exad-glass-effect-no elementor-widget elementor-widget-button\" data-id=\"b7b573b\" data-element_type=\"widget\" data-widget_type=\"button.default\">\n\t\t\t\t\t\t\t\t\t\t<a class=\"elementor-button elementor-button-link elementor-size-sm\" href=\"http:\/\/campercaldas.com\/gl\/\">\n\t\t\t\t\t\t<span class=\"elementor-button-content-wrapper\">\n\t\t\t\t\t\t\t\t\t<span class=\"elementor-button-text\">\u2b60 Volver \u00e1 p\u00e1xina<\/span>\n\t\t\t\t\t<\/span>\n\t\t\t\t\t<\/a>\n\t\t\t\t\t\t\t\t<\/div>\n\t\t\t\t<div class=\"elementor-element elementor-element-6b2cdfc2 exad-sticky-section-no exad-glass-effect-no elementor-widget elementor-widget-text-editor\" data-id=\"6b2cdfc2\" data-element_type=\"widget\" data-widget_type=\"text-editor.default\">\n\t\t\t\t\t\t\t\t\t<div class=\"elementor-element elementor-element-77f67ea e-flex e-con-boxed e-con e-parent e-lazyloaded\" data-id=\"77f67ea\" data-element_type=\"container\"><div class=\"e-con-inner\"><div class=\"elementor-element elementor-element-d2d3aa2 exad-sticky-section-no exad-glass-effect-no elementor-widget elementor-widget-text-editor\" data-id=\"d2d3aa2\" data-element_type=\"widget\" data-widget_type=\"text-editor.default\"><div class=\"elementor-widget-container\"><h1 style=\"text-align: center;\"><span style=\"color: #000000;\"><strong>Pol\u00edtica de cookies<\/strong><\/span><\/h1><\/div><\/div><\/div><\/div><div class=\"elementor-element elementor-element-aee08cb e-flex e-con-boxed e-con e-parent e-lazyloaded\" data-id=\"aee08cb\" data-element_type=\"container\"><div class=\"e-con-inner\"><div class=\"elementor-element elementor-element-c2890e6 exad-sticky-section-no exad-glass-effect-no elementor-widget elementor-widget-text-editor\" data-id=\"c2890e6\" data-element_type=\"widget\" data-widget_type=\"text-editor.default\"><div class=\"elementor-widget-container\"><p data-start=\"185\" data-end=\"501\"><span style=\"color: #000000;\">De conformidade coa normativa espa\u00f1ola que regula o uso de cookies en relaci\u00f3n coa prestaci\u00f3n de servizos de comunicaci\u00f3ns electr\u00f3nicas, tal e como se recolle no Real Decreto-Lei 13\/2012, do 30 de marzo, inform\u00e1moslle sobre as cookies utilizadas no sitio web de Camper Caldas  \u2013 San antoni\u00f1o n\u00famero 2 \u2013 36191, CIF. 76925885 e o motivo do seu uso. Ademais, inform\u00e1moslle de que, ao navegar polo sitio web, est\u00e1 a dar o seu consentimento para o seu uso.<\/span><\/p><div><div role=\"tabpanel\" aria-labelledby=\"aviso-legal-titulo-2\"><div><p><span style=\"color: #000000;\">Unha cookie \u00e9 un ficheiro que se descarga no teu ordenador ao acceder a determinados sitios web. As cookies permiten que un sitio web, entre outras cousas, almacene e recupere informaci\u00f3n sobre os h\u00e1bitos de navegaci\u00f3n dun usuario ou do seu dispositivo e, dependendo da informaci\u00f3n que conte\u00f1an e de como uses o teu dispositivo, poden utilizarse para reco\u00f1ecer o usuario. As cookies as\u00f3cianse unicamente cun usuario an\u00f3nimo e o seu ordenador ou dispositivo e non proporcionan ningunha informaci\u00f3n que permita identificar os teus datos persoais.<\/span><\/p><div role=\"tabpanel\" aria-labelledby=\"aviso-legal-titulo-3\"><div><p><span style=\"color: #000000;\">1.-\u00a0<strong>Cookies propias<\/strong>: Son aquelas que se env\u00edan ao equipo terminal do usuario desde un ordenador ou dominio xestionado polo propio editor e desde o que se presta o servizo solicitado polo usuario.<\/span><\/p><p><span style=\"color: #000000;\">2.-\u00a0<strong>Cookies de terceiros<\/strong>: Son aquelas que se env\u00edan ao equipo terminal do usuario desde un equipo ou dominio que non \u00e9 xestionado polo editor, sen\u00f3n por outra entidade que trata os datos obtidos a trav\u00e9s das cookies.<\/span><\/p><p><span style=\"color: #000000;\">3.-\u00a0<strong>Cookies de sesi\u00f3n<\/strong>: Tr\u00e1tase dun tipo de cookie dese\u00f1ada para recompilar e almacenar datos mentres o usuario accede a un sitio web.<\/span><\/p><p><span style=\"color: #000000;\">4.-\u00a0<strong>Cookies persistentes<\/strong>: Tr\u00e1tase dun tipo de cookie na que os datos permanecen almacenados no terminal e poden ser accedidos e tratados durante un per\u00edodo definido polo titular da cookie, que pode ir desde uns minutos ata varios anos.<\/span><\/p><p><span style=\"color: #000000;\">5.-\u00a0<strong>Cookies de an\u00e1lise<\/strong>: Tr\u00e1tase de cookies que, ao ser procesadas axeitadamente por n\u00f3s ou por terceiros, perm\u00edtennos cuantificar o n\u00famero de usuarios e as\u00ed realizar an\u00e1lises estat\u00edsticas de como os usuarios utilizan o servizo ofrecido. Isto implica analizar a s\u00faa actividade de navegaci\u00f3n no noso sitio web co fin de mellorar os produtos ou servizos que lle ofrecemos.<\/span><\/p><p><span style=\"color: #000000;\">6.-\u00a0<strong>Cookies publicitarias<\/strong>: Son aquelas que permiten a xesti\u00f3n m\u00e1is eficiente dos espazos publicitarios que o editor puidese ter inclu\u00eddo nun sitio web, aplicaci\u00f3n ou plataforma desde a que se presta o servizo solicitado, en base a criterios como o contido publicado ou a frecuencia coa que se mostran os anuncios.<\/span><\/p><p><span style=\"color: #000000;\">7.-\u00a0<strong>Cookies de publicidade comportamental<\/strong>: Tr\u00e1tase de cookies que permiten a xesti\u00f3n m\u00e1is eficiente dos espazos publicitarios que o editor puidese ter inclu\u00eddo nun sitio web, aplicaci\u00f3n ou plataforma desde a que se presta o servizo solicitado. Estas cookies almacenan informaci\u00f3n sobre o comportamento do usuario obtida a trav\u00e9s da observaci\u00f3n continua dos h\u00e1bitos de navegaci\u00f3n, o que permite desenvolver un perfil espec\u00edfico para mostrar publicidade en funci\u00f3n dese perfil. Do mesmo xeito, cando visitas un sitio web ou abres un correo electr\u00f3nico que cont\u00e9n alg\u00fan anuncio ou promoci\u00f3n dos nosos produtos ou servizos, pode instalarse unha cookie no teu navegador. Esta cookie ax\u00fadanos a mostrarche posteriormente publicidade relacionada coas t\u00faas buscas anteriores e a monitorizar os nosos anuncios, por exemplo, rastrexando o n\u00famero de veces que se visualizan, onde aparecen e a que hora se visualizan.<\/span><\/p><\/div><\/div><div><div role=\"tab\"><p><span style=\"color: #000000;\">As cookies empregadas no noso sitio web son de sesi\u00f3n e de terceiros, e perm\u00edtennos almacenar e acceder a informaci\u00f3n relativa ao idioma, tipo de navegador e outras caracter\u00edsticas xerais predefinidas polo usuario, as\u00ed como rastrexar e analizar a actividade do usuario co fin de introducir melloras e prestar os nosos servizos dun xeito m\u00e1is eficiente e personalizado.\u00a0<\/span><\/p><p><span style=\"color: #000000;\">O uso de cookies ofrece vantaxes na prestaci\u00f3n de servizos dentro do que se co\u00f1ece como sociedade da informaci\u00f3n, xa que facilita a navegaci\u00f3n do usuario e o acceso aos diferentes servizos que ofrece este sitio web; evita que o usuario te\u00f1a que configurar as caracter\u00edsticas xerais predefinidas cada vez que accede ao sitio web; favorece a mellora do funcionamento e dos servizos prestados a trav\u00e9s deste sitio web, tras a correspondente an\u00e1lise da informaci\u00f3n obtida a trav\u00e9s das cookies instaladas.<\/span><\/p><table><tbody><tr><th><span style=\"color: #000000;\">Nome<\/span><\/th><th><span style=\"color: #000000;\">Tipo<\/span><\/th><th><span style=\"color: #000000;\">Caducidade<\/span><\/th><th><span style=\"color: #000000;\">Finalidade<\/span><\/th><th><span style=\"color: #000000;\">Clase<\/span><\/th><\/tr><tr><td><span style=\"color: #000000;\">_ga<\/span><\/td><td><span style=\"color: #000000;\">Terceiros (Google Analytics)<\/span><\/td><td><span style=\"color: #000000;\">2 anos<\/span><\/td><td><span style=\"color: #000000;\">\u00dasase para distinguir os usuarios.<\/span><\/td><td><span style=\"color: #000000;\">Non exento<\/span><\/td><\/tr><tr><td><span style=\"color: #000000;\">_gid<\/span><\/td><td><span style=\"color: #000000;\">Terceiros (Google Analytics)<\/span><\/td><td><span style=\"color: #000000;\">24 horas<\/span><\/td><td><span style=\"color: #000000;\">\u00dasase para distinguir os usuarios.<\/span><\/td><td><span style=\"color: #000000;\">Non exento<\/span><\/td><\/tr><tr><td><span style=\"color: #000000;\">_gat<\/span><\/td><td><span style=\"color: #000000;\">Terceiros (Google Analytics)<\/span><\/td><td><span style=\"color: #000000;\">1 minuto<\/span><\/td><td><span style=\"color: #000000;\">\u00dasase para limitar a porcentaxe de solicitudes.<\/span><\/td><td><span style=\"color: #000000;\">Non exento<\/span><\/td><\/tr><\/tbody><\/table><\/div><\/div><\/div><\/div><\/div><div role=\"tab\"><p><span style=\"color: #000000;\">En calquera momento podes acceder \u00e1 configuraci\u00f3n do teu navegador para aceptar ou rexeitar todas as cookies, ou seleccionar que cookies permites e cales non, seguindo un dos procedementos seguintes, dependendo do navegador que uses:<\/span><\/p><p><span style=\"color: #000000;\"><strong>Google Chrome<\/strong>\u00a0(no men\u00fa de Ferramentas)<\/span><\/p><p><span style=\"color: #000000;\">Configuraci\u00f3n &gt; Mostrar opci\u00f3ns avanzadas &gt; Privacidade (Configuraci\u00f3n de contido) &gt; Cookies<\/span><\/p><p><span style=\"color: #000000;\"><a style=\"color: #000000;\" href=\"https:\/\/support.google.com\/chrome\/answer\/95647?hl=es\" target=\"_blank\" rel=\"noopener\">M\u00e1is informaci\u00f3n<\/a><\/span><\/p><p><span style=\"color: #000000;\"><strong>Microsoft Internet Explorer<\/strong>\u00a0(no men\u00fa de Ferramentas)<\/span><\/p><p><span style=\"color: #000000;\">Opci\u00f3ns de Internet &gt; Privacidade &gt; Avanzado<\/span><\/p><p><span style=\"color: #000000;\"><a style=\"color: #000000;\" href=\"http:\/\/windows.microsoft.com\/es-es\/internet-explorer\/delete-manage-cookies#ie=ie-9\" target=\"_blank\" rel=\"noopener\">M\u00e1is informaci\u00f3n<\/a><\/span><\/p><p><span style=\"color: #000000;\"><strong>Firefox<\/strong><\/span><\/p><p><span style=\"color: #000000;\">Opci\u00f3ns &gt; Privacidade &gt; Cookies<\/span><\/p><p><span style=\"color: #000000;\"><a style=\"color: #000000;\" href=\"http:\/\/support.mozilla.org\/es\/kb\/habilitar-y-deshabilitar-cookies-que-los-sitios-we\" target=\"_blank\" rel=\"noopener\">M\u00e1is informaci\u00f3n<\/a><\/span><\/p><p><span style=\"color: #000000;\"><strong>Safari , iPad e iPhone<\/strong><\/span><\/p><p><span style=\"color: #000000;\">Preferencias &gt; Privacidade<\/span><\/p><p><span style=\"color: #000000;\"><a style=\"color: #000000;\" href=\"http:\/\/www.apple.com\/es\/privacy\/use-of-cookies\" target=\"_blank\" rel=\"noopener\">M\u00e1is informaci\u00f3n<\/a><\/span><\/p><p><span style=\"color: #000000;\"><strong>Opera<\/strong><\/span><\/p><p><span style=\"color: #000000;\">Configuraci\u00f3n &gt; Opci\u00f3ns &gt; Avanzado &gt; Cookies<\/span><\/p><p><span style=\"color: #000000;\"><a style=\"color: #000000;\" href=\"http:\/\/help.opera.com\/Linux\/10.60\/es-ES\/cookies.html\" target=\"_blank\" rel=\"noopener\">M\u00e1is informaci\u00f3n<\/a><\/span><\/p><\/div><div role=\"tab\">\u00a0<\/div><div role=\"tab\"><section><section><div><div role=\"tablist\" aria-multiselectable=\"true\"><div><div role=\"tabpanel\" aria-labelledby=\"aviso-legal-titulo-6\"><div><p><span style=\"color: #000000;\">En concreto, os terceiros provedores de servizos cos que temos contratados servizos que requiren o uso de cookies son:<\/span><\/p><div><table><tbody><tr><th><span style=\"color: #000000;\">Provedor<\/span><\/th><th><span style=\"color: #000000;\">Finalidade do servizo e da cookie<\/span><\/th><th><span style=\"color: #000000;\">Informaci\u00f3n do provedor<\/span><\/th><\/tr><tr><td><span style=\"color: #000000;\">GOOGLE Inc.<\/span><\/td><td><span style=\"color: #000000;\">An\u00e1lise estat\u00edstica do sitio web a nivel de reconto de visitantes, p\u00e1xinas visitadas, palabras clave utilizadas e similares<\/span><\/td><td><span style=\"color: #000000;\">http:\/\/www.google.es\/intl\/es\/policies\/privacy<\/span><\/td><\/tr><\/tbody><\/table><\/div><\/div><\/div><\/div><\/div><\/div><\/section><\/section><\/div><\/div><\/div><\/div><\/div>\t\t\t\t\t\t\t\t<\/div>\n\t\t\t\t<\/div>\n\t\t\t\t<\/div>","protected":false},"excerpt":{"rendered":"<p>\u2b60 Volver a la p\u00e1gina Pol\u00edtica de cookies De conformidad con la normativa espa\u00f1ola que regula el uso de cookies en relaci\u00f3n a la prestaci\u00f3n de servicios de comunicaciones electr\u00f3nicas, recogida en el Real Decreto Ley 13\/2012 del 30 de marzo, le informamos sobre las cookies utilizadas en el sitio web de Camper Caldas\u00a0 &#8211; [&hellip;]<\/p>","protected":false},"author":1,"featured_media":0,"parent":0,"menu_order":0,"comment_status":"closed","ping_status":"closed","template":"elementor_canvas","meta":{"footnotes":""},"class_list":["post-1993","page","type-page","status-publish","hentry"],"yoast_head":"<!-- This site is optimized with the Yoast SEO plugin v26.6 - https:\/\/yoast.com\/wordpress\/plugins\/seo\/ -->\n<title>Pol\u00edtica de cookies - Camper caldas<\/title>\n<meta name=\"robots\" content=\"index, follow, max-snippet:-1, max-image-preview:large, max-video-preview:-1\" \/>\n<link rel=\"canonical\" href=\"https:\/\/campercaldas.com\/gl\/politica-de-cookies\/\" \/>\n<meta property=\"og:locale\" content=\"gl_ES\" \/>\n<meta property=\"og:type\" content=\"article\" \/>\n<meta property=\"og:title\" content=\"Pol\u00edtica de cookies - Camper caldas\" \/>\n<meta property=\"og:description\" content=\"\u2b60 Volver a la p\u00e1gina Pol\u00edtica de cookies De conformidad con la normativa espa\u00f1ola que regula el uso de cookies en relaci\u00f3n a la prestaci\u00f3n de servicios de comunicaciones electr\u00f3nicas, recogida en el Real Decreto Ley 13\/2012 del 30 de marzo, le informamos sobre las cookies utilizadas en el sitio web de Camper Caldas\u00a0 &#8211; [&hellip;]\" \/>\n<meta property=\"og:url\" content=\"https:\/\/campercaldas.com\/gl\/politica-de-cookies\/\" \/>\n<meta property=\"og:site_name\" content=\"Camper caldas\" \/>\n<meta property=\"article:modified_time\" content=\"2025-11-07T08:40:02+00:00\" \/>\n<meta name=\"twitter:card\" content=\"summary_large_image\" \/>\n<meta name=\"twitter:label1\" content=\"Tempo de lectura\" \/>\n\t<meta name=\"twitter:data1\" content=\"5 minutos\" \/>\n<script type=\"application\/ld+json\" class=\"yoast-schema-graph\">{\"@context\":\"https:\/\/schema.org\",\"@graph\":[{\"@type\":\"WebPage\",\"@id\":\"https:\/\/campercaldas.com\/politica-de-cookies\/\",\"url\":\"https:\/\/campercaldas.com\/politica-de-cookies\/\",\"name\":\"Pol\u00edtica de cookies - Camper caldas\",\"isPartOf\":{\"@id\":\"https:\/\/campercaldas.com\/#website\"},\"datePublished\":\"2025-10-30T11:05:29+00:00\",\"dateModified\":\"2025-11-07T08:40:02+00:00\",\"breadcrumb\":{\"@id\":\"https:\/\/campercaldas.com\/politica-de-cookies\/#breadcrumb\"},\"inLanguage\":\"gl-ES\",\"potentialAction\":[{\"@type\":\"ReadAction\",\"target\":[\"https:\/\/campercaldas.com\/politica-de-cookies\/\"]}]},{\"@type\":\"BreadcrumbList\",\"@id\":\"https:\/\/campercaldas.com\/politica-de-cookies\/#breadcrumb\",\"itemListElement\":[{\"@type\":\"ListItem\",\"position\":1,\"name\":\"Portada\",\"item\":\"https:\/\/campercaldas.com\/\"},{\"@type\":\"ListItem\",\"position\":2,\"name\":\"Pol\u00edtica de cookies\"}]},{\"@type\":\"WebSite\",\"@id\":\"https:\/\/campercaldas.com\/#website\",\"url\":\"https:\/\/campercaldas.com\/\",\"name\":\"Camper caldas\",\"description\":\"\",\"publisher\":{\"@id\":\"https:\/\/campercaldas.com\/#\/schema\/person\/1326747769f597fd4dfd240ea58b0376\"},\"potentialAction\":[{\"@type\":\"SearchAction\",\"target\":{\"@type\":\"EntryPoint\",\"urlTemplate\":\"https:\/\/campercaldas.com\/?s={search_term_string}\"},\"query-input\":{\"@type\":\"PropertyValueSpecification\",\"valueRequired\":true,\"valueName\":\"search_term_string\"}}],\"inLanguage\":\"gl-ES\"},{\"@type\":[\"Person\",\"Organization\"],\"@id\":\"https:\/\/campercaldas.com\/#\/schema\/person\/1326747769f597fd4dfd240ea58b0376\",\"name\":\"admin\",\"image\":{\"@type\":\"ImageObject\",\"inLanguage\":\"gl-ES\",\"@id\":\"https:\/\/campercaldas.com\/#\/schema\/person\/image\/\",\"url\":\"https:\/\/secure.gravatar.com\/avatar\/97f37702e630d15c78d429c391edc01e5f0868461ff9d0c1d83a9d8b566b5784?s=96&d=mm&r=g\",\"contentUrl\":\"https:\/\/secure.gravatar.com\/avatar\/97f37702e630d15c78d429c391edc01e5f0868461ff9d0c1d83a9d8b566b5784?s=96&d=mm&r=g\",\"caption\":\"admin\"},\"logo\":{\"@id\":\"https:\/\/campercaldas.com\/#\/schema\/person\/image\/\"},\"sameAs\":[\"http:\/\/campercaldas.com\"]}]}<\/script>\n<!-- \/ Yoast SEO plugin. -->","yoast_head_json":{"title":"Pol\u00edtica de cookies - Camper caldas","robots":{"index":"index","follow":"follow","max-snippet":"max-snippet:-1","max-image-preview":"max-image-preview:large","max-video-preview":"max-video-preview:-1"},"canonical":"https:\/\/campercaldas.com\/gl\/politica-de-cookies\/","og_locale":"gl_ES","og_type":"article","og_title":"Pol\u00edtica de cookies - Camper caldas","og_description":"\u2b60 Volver a la p\u00e1gina Pol\u00edtica de cookies De conformidad con la normativa espa\u00f1ola que regula el uso de cookies en relaci\u00f3n a la prestaci\u00f3n de servicios de comunicaciones electr\u00f3nicas, recogida en el Real Decreto Ley 13\/2012 del 30 de marzo, le informamos sobre las cookies utilizadas en el sitio web de Camper Caldas\u00a0 &#8211; [&hellip;]","og_url":"https:\/\/campercaldas.com\/gl\/politica-de-cookies\/","og_site_name":"Camper caldas","article_modified_time":"2025-11-07T08:40:02+00:00","twitter_card":"summary_large_image","twitter_misc":{"Tempo de lectura":"5 minutos"},"schema":{"@context":"https:\/\/schema.org","@graph":[{"@type":"WebPage","@id":"https:\/\/campercaldas.com\/politica-de-cookies\/","url":"https:\/\/campercaldas.com\/politica-de-cookies\/","name":"Pol\u00edtica de cookies - Camper caldas","isPartOf":{"@id":"https:\/\/campercaldas.com\/#website"},"datePublished":"2025-10-30T11:05:29+00:00","dateModified":"2025-11-07T08:40:02+00:00","breadcrumb":{"@id":"https:\/\/campercaldas.com\/politica-de-cookies\/#breadcrumb"},"inLanguage":"gl-ES","potentialAction":[{"@type":"ReadAction","target":["https:\/\/campercaldas.com\/politica-de-cookies\/"]}]},{"@type":"BreadcrumbList","@id":"https:\/\/campercaldas.com\/politica-de-cookies\/#breadcrumb","itemListElement":[{"@type":"ListItem","position":1,"name":"Portada","item":"https:\/\/campercaldas.com\/"},{"@type":"ListItem","position":2,"name":"Pol\u00edtica de cookies"}]},{"@type":"WebSite","@id":"https:\/\/campercaldas.com\/#website","url":"https:\/\/campercaldas.com\/","name":"Camper caldas","description":"","publisher":{"@id":"https:\/\/campercaldas.com\/#\/schema\/person\/1326747769f597fd4dfd240ea58b0376"},"potentialAction":[{"@type":"SearchAction","target":{"@type":"EntryPoint","urlTemplate":"https:\/\/campercaldas.com\/?s={search_term_string}"},"query-input":{"@type":"PropertyValueSpecification","valueRequired":true,"valueName":"search_term_string"}}],"inLanguage":"gl-ES"},{"@type":["Person","Organization"],"@id":"https:\/\/campercaldas.com\/#\/schema\/person\/1326747769f597fd4dfd240ea58b0376","name":"admin","image":{"@type":"ImageObject","inLanguage":"gl-ES","@id":"https:\/\/campercaldas.com\/#\/schema\/person\/image\/","url":"https:\/\/secure.gravatar.com\/avatar\/97f37702e630d15c78d429c391edc01e5f0868461ff9d0c1d83a9d8b566b5784?s=96&d=mm&r=g","contentUrl":"https:\/\/secure.gravatar.com\/avatar\/97f37702e630d15c78d429c391edc01e5f0868461ff9d0c1d83a9d8b566b5784?s=96&d=mm&r=g","caption":"admin"},"logo":{"@id":"https:\/\/campercaldas.com\/#\/schema\/person\/image\/"},"sameAs":["http:\/\/campercaldas.com"]}]}},"_links":{"self":[{"href":"https:\/\/campercaldas.com\/gl\/wp-json\/wp\/v2\/pages\/1993","targetHints":{"allow":["GET"]}}],"collection":[{"href":"https:\/\/campercaldas.com\/gl\/wp-json\/wp\/v2\/pages"}],"about":[{"href":"https:\/\/campercaldas.com\/gl\/wp-json\/wp\/v2\/types\/page"}],"author":[{"embeddable":true,"href":"https:\/\/campercaldas.com\/gl\/wp-json\/wp\/v2\/users\/1"}],"replies":[{"embeddable":true,"href":"https:\/\/campercaldas.com\/gl\/wp-json\/wp\/v2\/comments?post=1993"}],"version-history":[{"count":22,"href":"https:\/\/campercaldas.com\/gl\/wp-json\/wp\/v2\/pages\/1993\/revisions"}],"predecessor-version":[{"id":2352,"href":"https:\/\/campercaldas.com\/gl\/wp-json\/wp\/v2\/pages\/1993\/revisions\/2352"}],"wp:attachment":[{"href":"https:\/\/campercaldas.com\/gl\/wp-json\/wp\/v2\/media?parent=1993"}],"curies":[{"name":"wp","href":"https:\/\/api.w.org\/{rel}","templated":true}]}}